{"id":73,"date":"2019-01-26T06:42:55","date_gmt":"2019-01-26T06:42:55","guid":{"rendered":"http:\/\/richter-china.com\/?page_id=73"},"modified":"2024-04-23T09:30:33","modified_gmt":"2024-04-23T09:30:33","slug":"survey","status":"publish","type":"page","link":"https:\/\/richter-china.com\/de\/survey\/","title":{"rendered":"Lieferantenprofil"},"content":{"rendered":"\n<p>Maschinenpark, Personal, Qualit\u00e4tssicherungsausstattung, Fertigungsverm\u00f6gen, Material: wir helfen Ihnen, sich ein genaues Bild Ihres Lieferanten zu machen &#8211; in strukturierter, gut verst\u00e4ndlicher und flexibler Berichterstattung!<\/p>\n\n\n\n<p>Nutzen Sie eine Vielzahl an von uns am Standort gesammelten Informationen, wie spezielle Fragenkataloge, Fotos und Videos der Produktionsst\u00e4tte und der Maschinen, Liefernachweise, Kalibrierungsberichte, Zertifikate und Prozessprotokolle, um das wahre Potential des Lieferanten zu bewerten.<\/p>\n\n\n\n<p>Wenn Sie mehr \u00fcber die Referenzprodukte Ihres Auftragnehmers erfahren m\u00f6chten oder einen Einblick in dessen M\u00e4rkte und Klientel w\u00fcnschen, sind wir gerne behilflich, all die gew\u00fcnschten Informationen zum Bet\u00e4tigungsfeld beim Lieferanten in Erfahrung zu bringen.<\/p>\n","protected":false},"excerpt":{"rendered":"Maschinenpark, Personal, Qualit\u00e4tssicherungsausstattung, Fertigungsverm\u00f6gen, Material: wir helfen Ihnen, sich ein genaues Bild Ihres Lieferanten zu machen &#8211; in strukturierter, gut verst\u00e4ndlicher und flexibler Berichterstattung! Nutzen Sie eine Vielzahl an von uns am Standort gesammelten Informationen, wie spezielle Fragenkataloge, Fotos und Videos der Produktionsst\u00e4tte und der Maschinen, Liefernachweise, Kalibrierungsberichte, Zertifikate und Prozessprotokolle, um das wahre Potential [&hellip;]","protected":false},"author":1,"featured_media":179,"parent":0,"menu_order":0,"comment_status":"closed","ping_status":"closed","template":"","meta":{"_acf_changed":false,"footnotes":""},"class_list":["post-73","page","type-page","status-publish","has-post-thumbnail","hentry","entry"],"translation":{"provider":"WPGlobus","version":"3.0.2","language":"de","enabled_languages":["en","de","zh"],"languages":{"en":{"title":true,"content":true,"excerpt":false},"de":{"title":true,"content":true,"excerpt":false},"zh":{"title":true,"content":true,"excerpt":false}}},"acf":[],"aioseo_notices":[],"_links":{"self":[{"href":"https:\/\/richter-china.com\/de\/wp-json\/wp\/v2\/pages\/73","targetHints":{"allow":["GET"]}}],"collection":[{"href":"https:\/\/richter-china.com\/de\/wp-json\/wp\/v2\/pages"}],"about":[{"href":"https:\/\/richter-china.com\/de\/wp-json\/wp\/v2\/types\/page"}],"author":[{"embeddable":true,"href":"https:\/\/richter-china.com\/de\/wp-json\/wp\/v2\/users\/1"}],"replies":[{"embeddable":true,"href":"https:\/\/richter-china.com\/de\/wp-json\/wp\/v2\/comments?post=73"}],"version-history":[{"count":36,"href":"https:\/\/richter-china.com\/de\/wp-json\/wp\/v2\/pages\/73\/revisions"}],"predecessor-version":[{"id":905,"href":"https:\/\/richter-china.com\/de\/wp-json\/wp\/v2\/pages\/73\/revisions\/905"}],"wp:featuredmedia":[{"embeddable":true,"href":"https:\/\/richter-china.com\/de\/wp-json\/wp\/v2\/media\/179"}],"wp:attachment":[{"href":"https:\/\/richter-china.com\/de\/wp-json\/wp\/v2\/media?parent=73"}],"curies":[{"name":"wp","href":"https:\/\/api.w.org\/{rel}","templated":true}]}}