{"id":21,"date":"2019-01-19T13:56:06","date_gmt":"2019-01-19T13:56:06","guid":{"rendered":"http:\/\/richter-china.com\/?page_id=21"},"modified":"2024-04-23T09:32:44","modified_gmt":"2024-04-23T09:32:44","slug":"sop","status":"publish","type":"page","link":"https:\/\/richter-china.com\/de\/sop\/","title":{"rendered":"Prozesse"},"content":{"rendered":"Zur Erzielung der angestrebten Kosten-, Zeit und Qualit\u00e4tsziele muss der industrielle Herstellungsprozess in strukturierter Weise geplant, in unmissverst\u00e4ndlicher Form vermittelt und konsequent ausgef\u00fchrt werden.\n\n<!--StartFragment-->Vieles, was einen wirtschaftlichen und schnellen Prozess ausmacht, l\u00e4sst sich auf die Vermeidung von Verschwendung reduzieren. Die Anordnung von Fertigungslinien muss auf die Verminderung von Leerlaufzeiten und Transport abgestimmt sein, Engp\u00e4sse d\u00fcrfen Taktzeiten nicht beeintr\u00e4chtigen. Konstruktionen und Konzepte m\u00fcssen frei von Overengineering sein (<a href=\"http:\/\/richter-china.com\/dfm\/\">DfM<\/a>, <a href=\"http:\/\/richter-china.com\/gdt\/\">GD&#038;T<\/a>).\nAuf der Qualit\u00e4tsseite gilt es zum einen, Ausschuss zu vermeiden und Reproduzierbarkeit zu gew\u00e4hrleisten, indem Arbeitanweisungen den Prozess vollst\u00e4ndig und unmissverst\u00e4ndlich beschreiben, zum anderen muss das Personal entsprechen geschult sein.\n\nDie Berichterstattung und Ursachenanalyse von Produktionsproblemen muss wie deren Nachverfolgung in einem wohldefinierten Prozess erfolgen, so dass Material, Konstruktion und Fertigungsverfahren eine kontrollierte Verbesserung zukommen kann.\n\nWir stehen zur Verf\u00fcgung um Ihren Zulieferer bei der Auslegung von Produktionslinien, der Prozesszeitoptimierung und dem Erstellen von Arbeitsanweisungen zu unterst\u00fctzen, damit Effizienz, Qualit\u00e4t und Reproduzierbarkeit voran kommen.","protected":false},"excerpt":{"rendered":"Zur Erzielung der angestrebten Kosten-, Zeit und Qualit\u00e4tsziele muss der industrielle Herstellungsprozess in strukturierter Weise geplant, in unmissverst\u00e4ndlicher Form vermittelt und konsequent ausgef\u00fchrt werden. Vieles, was einen wirtschaftlichen und schnellen Prozess ausmacht, l\u00e4sst sich auf die Vermeidung von Verschwendung reduzieren. Die Anordnung von Fertigungslinien muss auf die Verminderung von Leerlaufzeiten und Transport abgestimmt sein, Engp\u00e4sse [&hellip;]","protected":false},"author":1,"featured_media":351,"parent":0,"menu_order":5,"comment_status":"closed","ping_status":"closed","template":"","meta":{"_acf_changed":false,"footnotes":""},"class_list":["post-21","page","type-page","status-publish","has-post-thumbnail","hentry","entry"],"translation":{"provider":"WPGlobus","version":"3.0.2","language":"de","enabled_languages":["en","de","zh"],"languages":{"en":{"title":true,"content":true,"excerpt":false},"de":{"title":true,"content":true,"excerpt":false},"zh":{"title":true,"content":true,"excerpt":false}}},"acf":[],"aioseo_notices":[],"_links":{"self":[{"href":"https:\/\/richter-china.com\/de\/wp-json\/wp\/v2\/pages\/21","targetHints":{"allow":["GET"]}}],"collection":[{"href":"https:\/\/richter-china.com\/de\/wp-json\/wp\/v2\/pages"}],"about":[{"href":"https:\/\/richter-china.com\/de\/wp-json\/wp\/v2\/types\/page"}],"author":[{"embeddable":true,"href":"https:\/\/richter-china.com\/de\/wp-json\/wp\/v2\/users\/1"}],"replies":[{"embeddable":true,"href":"https:\/\/richter-china.com\/de\/wp-json\/wp\/v2\/comments?post=21"}],"version-history":[{"count":38,"href":"https:\/\/richter-china.com\/de\/wp-json\/wp\/v2\/pages\/21\/revisions"}],"predecessor-version":[{"id":899,"href":"https:\/\/richter-china.com\/de\/wp-json\/wp\/v2\/pages\/21\/revisions\/899"}],"wp:featuredmedia":[{"embeddable":true,"href":"https:\/\/richter-china.com\/de\/wp-json\/wp\/v2\/media\/351"}],"wp:attachment":[{"href":"https:\/\/richter-china.com\/de\/wp-json\/wp\/v2\/media?parent=21"}],"curies":[{"name":"wp","href":"https:\/\/api.w.org\/{rel}","templated":true}]}}