{"id":2,"date":"2019-01-19T03:24:10","date_gmt":"2019-01-19T03:24:10","guid":{"rendered":"http:\/\/richter-china.com\/?page_id=2"},"modified":"2024-04-26T04:04:04","modified_gmt":"2024-04-26T04:04:04","slug":"sample-page","status":"publish","type":"page","link":"https:\/\/richter-china.com\/de\/","title":{"rendered":"Engineering-Dienstleister in Shenzhen, Guangdong, China"},"content":{"rendered":"<\/p>\n\n\n<p>Wir bieten die Unterst\u00fctzung vor Ort, die hilft, die Fertigung Ihrer Komponenten und Baugruppen in China zum Erfolg werden zu lassen.<\/p>\n\n\n\n<p>Die Fertigung in der Ferne ist normalerweise mit einer Vielzahl von Belangen verbunden, welche die kurzfristige Entsendung eines Ingenieurs oder Technikers zum Lieferanten erforderlich machen: Produkteinf\u00fchrung, Musterbewertung, Produktionsauslegung, Fertigungs- und Qualit\u00e4tsprobleme, DfM, mi\u00dfverstandene Spezifikationen, etc.<br>Die Reise eines Besch\u00e4ftigten nach China erfordert zun\u00e4chst Flugtickets, ein Visum und mehrere Hotel\u00fcbernachtungen sowie Spesen. Oft wird dann die  \u00dcbersetzung, F\u00fchrung und Zuarbeit eines lokalen Helfers ben\u00f6tigt. Nicht zuletzt n\u00f6tigen der Jetlag und das Zurechtfinden in der fremden Umgebung dem Mitarbeiter erheblichen pers\u00f6nlichen Einsatz ab und beeintr\u00e4chtigen dessen Produktivit\u00e4t, sowohl hinsichtlich der Leistung vor Ort wie auch in Bezug auf den Arbeitsausfall daheim.<\/p>\n\n\n\n<p>Lassen Sie uns f\u00fcr all diese Fertigungsbelange Sorge tragen &#8211; professionell, zuverl\u00e4ssig, z\u00fcgig und in vertrauter Weise.<\/p>\n\n\n\n<div class=\"wp-block-group customer-logo-group is-nowrap is-layout-flex wp-container-core-group-is-layout-ad2f72ca wp-block-group-is-layout-flex\">\n<figure class=\"wp-block-image size-full alltronics-logo\"><img loading=\"lazy\" decoding=\"async\" width=\"500\" height=\"379\" src=\"https:\/\/richter-china.com\/wp-content\/uploads\/2024\/04\/Alltronics.png\" alt=\"\" class=\"wp-image-13514\" srcset=\"https:\/\/richter-china.com\/wp-content\/uploads\/2024\/04\/Alltronics.png 500w, https:\/\/richter-china.com\/wp-content\/uploads\/2024\/04\/Alltronics-300x227.png 300w\" sizes=\"auto, (max-width: 500px) 100vw, 500px\" \/><\/figure>\n\n\n\n<figure class=\"wp-block-image size-full carlisle-logo\"><img loading=\"lazy\" decoding=\"async\" width=\"600\" height=\"133\" src=\"https:\/\/richter-china.com\/wp-content\/uploads\/2024\/04\/logo_CarlisleIT_600px.webp\" alt=\"\" class=\"wp-image-13521\" srcset=\"https:\/\/richter-china.com\/wp-content\/uploads\/2024\/04\/logo_CarlisleIT_600px.webp 600w, https:\/\/richter-china.com\/wp-content\/uploads\/2024\/04\/logo_CarlisleIT_600px-300x67.webp 300w\" sizes=\"auto, (max-width: 600px) 100vw, 600px\" \/><\/figure>\n\n\n\n<figure class=\"wp-block-image size-full victory-logo\"><img loading=\"lazy\" decoding=\"async\" width=\"500\" height=\"174\" src=\"https:\/\/richter-china.com\/wp-content\/uploads\/2024\/04\/Victory-Innovations-Logo-GREEN_500x174.png\" alt=\"\" class=\"wp-image-13516\" srcset=\"https:\/\/richter-china.com\/wp-content\/uploads\/2024\/04\/Victory-Innovations-Logo-GREEN_500x174.png 500w, https:\/\/richter-china.com\/wp-content\/uploads\/2024\/04\/Victory-Innovations-Logo-GREEN_500x174-300x104.png 300w\" sizes=\"auto, (max-width: 500px) 100vw, 500px\" \/><\/figure>\n\n\n\n<figure class=\"wp-block-image size-full astera-logo\"><img decoding=\"async\" src=\"https:\/\/richter-china.com\/wp-content\/uploads\/2024\/04\/astera-logo.svg\" alt=\"\" class=\"wp-image-13517\"\/><\/figure>\n\n\n\n<figure class=\"wp-block-image size-large hithings-logo\"><img loading=\"lazy\" decoding=\"async\" width=\"1024\" height=\"286\" src=\"https:\/\/richter-china.com\/wp-content\/uploads\/2024\/04\/Hi-Things-1024x286.png\" alt=\"\" class=\"wp-image-13519\" srcset=\"https:\/\/richter-china.com\/wp-content\/uploads\/2024\/04\/Hi-Things-1024x286.png 1024w, https:\/\/richter-china.com\/wp-content\/uploads\/2024\/04\/Hi-Things-300x84.png 300w, https:\/\/richter-china.com\/wp-content\/uploads\/2024\/04\/Hi-Things-768x215.png 768w, https:\/\/richter-china.com\/wp-content\/uploads\/2024\/04\/Hi-Things-1536x429.png 1536w, https:\/\/richter-china.com\/wp-content\/uploads\/2024\/04\/Hi-Things-2048x572.png 2048w, https:\/\/richter-china.com\/wp-content\/uploads\/2024\/04\/Hi-Things-1568x438.png 1568w\" sizes=\"auto, (max-width: 1024px) 100vw, 1024px\" \/><\/figure>\n\n\n\n<figure class=\"wp-block-image size-full henmt-logo\"><img loading=\"lazy\" decoding=\"async\" width=\"894\" height=\"249\" src=\"https:\/\/richter-china.com\/wp-content\/uploads\/2024\/04\/HENMT_group.png\" alt=\"\" class=\"wp-image-13520\" srcset=\"https:\/\/richter-china.com\/wp-content\/uploads\/2024\/04\/HENMT_group.png 894w, https:\/\/richter-china.com\/wp-content\/uploads\/2024\/04\/HENMT_group-300x84.png 300w, https:\/\/richter-china.com\/wp-content\/uploads\/2024\/04\/HENMT_group-768x214.png 768w\" sizes=\"auto, (max-width: 894px) 100vw, 894px\" \/><\/figure>\n<\/div>\n\n\n<p>","protected":false},"excerpt":{"rendered":"Wir bieten die Unterst\u00fctzung vor Ort, die hilft, die Fertigung Ihrer Komponenten und Baugruppen in China zum Erfolg werden zu lassen. Die Fertigung in der Ferne ist normalerweise mit einer Vielzahl von Belangen verbunden, welche die kurzfristige Entsendung eines Ingenieurs oder Technikers zum Lieferanten erforderlich machen: Produkteinf\u00fchrung, Musterbewertung, Produktionsauslegung, Fertigungs- und Qualit\u00e4tsprobleme, DfM, mi\u00dfverstandene Spezifikationen, [&hellip;]","protected":false},"author":1,"featured_media":143,"parent":0,"menu_order":0,"comment_status":"closed","ping_status":"closed","template":"","meta":{"_acf_changed":false,"footnotes":""},"class_list":["post-2","page","type-page","status-publish","has-post-thumbnail","hentry","entry"],"translation":{"provider":"WPGlobus","version":"3.0.2","language":"de","enabled_languages":["en","de","zh"],"languages":{"en":{"title":true,"content":true,"excerpt":false},"de":{"title":true,"content":true,"excerpt":false},"zh":{"title":true,"content":true,"excerpt":false}}},"acf":[],"aioseo_notices":[],"_links":{"self":[{"href":"https:\/\/richter-china.com\/de\/wp-json\/wp\/v2\/pages\/2","targetHints":{"allow":["GET"]}}],"collection":[{"href":"https:\/\/richter-china.com\/de\/wp-json\/wp\/v2\/pages"}],"about":[{"href":"https:\/\/richter-china.com\/de\/wp-json\/wp\/v2\/types\/page"}],"author":[{"embeddable":true,"href":"https:\/\/richter-china.com\/de\/wp-json\/wp\/v2\/users\/1"}],"replies":[{"embeddable":true,"href":"https:\/\/richter-china.com\/de\/wp-json\/wp\/v2\/comments?post=2"}],"version-history":[{"count":100,"href":"https:\/\/richter-china.com\/de\/wp-json\/wp\/v2\/pages\/2\/revisions"}],"predecessor-version":[{"id":13596,"href":"https:\/\/richter-china.com\/de\/wp-json\/wp\/v2\/pages\/2\/revisions\/13596"}],"wp:featuredmedia":[{"embeddable":true,"href":"https:\/\/richter-china.com\/de\/wp-json\/wp\/v2\/media\/143"}],"wp:attachment":[{"href":"https:\/\/richter-china.com\/de\/wp-json\/wp\/v2\/media?parent=2"}],"curies":[{"name":"wp","href":"https:\/\/api.w.org\/{rel}","templated":true}]}}