{"id":17,"date":"2019-01-19T13:54:13","date_gmt":"2019-01-19T13:54:13","guid":{"rendered":"http:\/\/richter-china.com\/?page_id=17"},"modified":"2024-05-11T06:45:38","modified_gmt":"2024-05-11T06:45:38","slug":"qa","status":"publish","type":"page","link":"https:\/\/richter-china.com\/de\/qa\/","title":{"rendered":"Qualit\u00e4tssicherung"},"content":{"rendered":"<\/p>\n\n\n<p>Ob Ma\u00dfe, Form, Materialeigenschaften und Anmutung von Bauteilen oder Ausrichtung, Spaltma\u00dfe und Funktion von Baugruppen: Me\u00df- und Pr\u00fcfauftr\u00e4ge f\u00fchren h\u00e4ufig zu ungenauen oder falschen Ergebnissen, insbesondere wenn sie von ungeschultem Personal ausgef\u00fchrt werden oder die Methodik unzureichend ist. Dies ist besonders kritisch bei der Auftragsfertigung im Ausland, da Ihre Mitarbeiter in der Regel nicht so h\u00e4ufig und kurzfristig vor Ort erscheinen k\u00f6nnen, um sich dringenden Qualit\u00e4tsbelangen selbst anzunehmen.<\/p>\n\n\n\n<p>Dabei k\u00f6nnen viele Me\u00df- und Pr\u00fcfaufgaben verl\u00e4sslich und mit guter Wiederholbarkeit unter Verwendung einfacher manueller Messmittel ausgef\u00fchrt werden, wie beispielsweise Messschieber, F\u00fchlerlehren, Messuhren, Mikrometerschrauben und H\u00f6henreisser. <a href=\"http:\/\/richter-china.com\/tools\/\">Speziell gefertigte Lehren<\/a> erlauben das einfache und schnelle Pr\u00fcfen besonderer Formen und Ma\u00dfe. So l\u00e4sst sich in Kombination mit sorgf\u00e4ltig ausgelegten Zeichnungen, die sinnvolle <a href=\"http:\/\/richter-china.com\/gdt\/\">Pr\u00fcfma\u00dfe und Referenzelemente<\/a> enthalten, sowie einem durchdachten Inspektionsprozess die Mehrzahl der Qualit\u00e4tssicherungsaufgaben zuverl\u00e4ssig und kosteng\u00fcnstig ausf\u00fchren.<\/p>\n\n\n\n<p>Lassen Sie uns einen Blick auf Ihren Inspektionsbedarf werfen und die effizienteste Umsetzung ausarbeiten. Ob Entwurf und Training von Eingangs-, Inline- und Ausgangspr\u00fcfung, Prozessf\u00e4higkeitsermittlung oder Ausf\u00fchrung von Musterbewertung, wir stehen gern zur Verf\u00fcgung.<\/p>\n\n\n<p>","protected":false},"excerpt":{"rendered":"Ob Ma\u00dfe, Form, Materialeigenschaften und Anmutung von Bauteilen oder Ausrichtung, Spaltma\u00dfe und Funktion von Baugruppen: Me\u00df- und Pr\u00fcfauftr\u00e4ge f\u00fchren h\u00e4ufig zu ungenauen oder falschen Ergebnissen, insbesondere wenn sie von ungeschultem Personal ausgef\u00fchrt werden oder die Methodik unzureichend ist. Dies ist besonders kritisch bei der Auftragsfertigung im Ausland, da Ihre Mitarbeiter in der Regel nicht so [&hellip;]","protected":false},"author":1,"featured_media":200,"parent":0,"menu_order":4,"comment_status":"closed","ping_status":"closed","template":"","meta":{"_acf_changed":false,"footnotes":""},"class_list":["post-17","page","type-page","status-publish","has-post-thumbnail","hentry","entry"],"translation":{"provider":"WPGlobus","version":"3.0.2","language":"de","enabled_languages":["en","de","zh"],"languages":{"en":{"title":true,"content":true,"excerpt":false},"de":{"title":true,"content":true,"excerpt":false},"zh":{"title":true,"content":true,"excerpt":false}}},"acf":[],"aioseo_notices":[],"_links":{"self":[{"href":"https:\/\/richter-china.com\/de\/wp-json\/wp\/v2\/pages\/17","targetHints":{"allow":["GET"]}}],"collection":[{"href":"https:\/\/richter-china.com\/de\/wp-json\/wp\/v2\/pages"}],"about":[{"href":"https:\/\/richter-china.com\/de\/wp-json\/wp\/v2\/types\/page"}],"author":[{"embeddable":true,"href":"https:\/\/richter-china.com\/de\/wp-json\/wp\/v2\/users\/1"}],"replies":[{"embeddable":true,"href":"https:\/\/richter-china.com\/de\/wp-json\/wp\/v2\/comments?post=17"}],"version-history":[{"count":50,"href":"https:\/\/richter-china.com\/de\/wp-json\/wp\/v2\/pages\/17\/revisions"}],"predecessor-version":[{"id":14803,"href":"https:\/\/richter-china.com\/de\/wp-json\/wp\/v2\/pages\/17\/revisions\/14803"}],"wp:featuredmedia":[{"embeddable":true,"href":"https:\/\/richter-china.com\/de\/wp-json\/wp\/v2\/media\/200"}],"wp:attachment":[{"href":"https:\/\/richter-china.com\/de\/wp-json\/wp\/v2\/media?parent=17"}],"curies":[{"name":"wp","href":"https:\/\/api.w.org\/{rel}","templated":true}]}}