{"id":14,"date":"2019-01-19T14:04:18","date_gmt":"2019-01-19T14:04:18","guid":{"rendered":"http:\/\/richter-china.com\/?page_id=14"},"modified":"2024-04-23T09:32:56","modified_gmt":"2024-04-23T09:32:56","slug":"dfm","status":"publish","type":"page","link":"https:\/\/richter-china.com\/de\/dfm\/","title":{"rendered":"Design for Manufacturing"},"content":{"rendered":"\n<p>In einer Wertsch\u00f6pfungskette gehen Entwicklungs- und Produktionsabteilungen ebenso wie Kunden und Auftragnehmer eine  produktive Partnerschaft ein. Und wie in jeder Partnerschaft ist es gut, sich auszutauschen &#8211; gr\u00fcndlich und ohne Missverst\u00e4ndnisse.  <\/p>\n\n\n\n<p>Falls das pers\u00f6nliche Treffen am Standort Ihres Lieferanten keine Option darstellt, lassen Sie uns die Kommunikation bez\u00fcglich Machbarkeit, Kostenoptimierung und Terminen \u00fcbernehmen. Gerne gehen wir mit Ihrem Zulieferer ausf\u00fchrlich in Beratung zu Themen wie Fertigung oder Montage Ihrer Produkte und bilden dabei die Verbindungsstelle, welche die Produktionseinf\u00fchrung Ihrer Komponenten zu einer reibungslosen Erfahrung macht.<\/p>\n\n\n\n<p>Von Fertigungserleichterung bis zu modularem Design, von Standzeitoptimierung bis zu Poka-Yoke, von Standardisierungserw\u00e4gungen bis zu Toleranzrevisionen (<a href=\"http:\/\/richter-china.com\/gdt\/\">GD&#038;T<\/a>) &#8211; wir bieten sowohl die Vermittlung Ihrer Spezifikationen als auch die Kommunikation des Feedbacks Ihres Zulieferers.<\/p>\n","protected":false},"excerpt":{"rendered":"In einer Wertsch\u00f6pfungskette gehen Entwicklungs- und Produktionsabteilungen ebenso wie Kunden und Auftragnehmer eine produktive Partnerschaft ein. Und wie in jeder Partnerschaft ist es gut, sich auszutauschen &#8211; gr\u00fcndlich und ohne Missverst\u00e4ndnisse. Falls das pers\u00f6nliche Treffen am Standort Ihres Lieferanten keine Option darstellt, lassen Sie uns die Kommunikation bez\u00fcglich Machbarkeit, Kostenoptimierung und Terminen \u00fcbernehmen. Gerne gehen [&hellip;]","protected":false},"author":1,"featured_media":190,"parent":0,"menu_order":3,"comment_status":"closed","ping_status":"closed","template":"","meta":{"_acf_changed":false,"footnotes":""},"class_list":["post-14","page","type-page","status-publish","has-post-thumbnail","hentry","entry"],"translation":{"provider":"WPGlobus","version":"3.0.2","language":"de","enabled_languages":["en","de","zh"],"languages":{"en":{"title":true,"content":true,"excerpt":false},"de":{"title":true,"content":true,"excerpt":false},"zh":{"title":true,"content":true,"excerpt":false}}},"acf":[],"aioseo_notices":[],"_links":{"self":[{"href":"https:\/\/richter-china.com\/de\/wp-json\/wp\/v2\/pages\/14","targetHints":{"allow":["GET"]}}],"collection":[{"href":"https:\/\/richter-china.com\/de\/wp-json\/wp\/v2\/pages"}],"about":[{"href":"https:\/\/richter-china.com\/de\/wp-json\/wp\/v2\/types\/page"}],"author":[{"embeddable":true,"href":"https:\/\/richter-china.com\/de\/wp-json\/wp\/v2\/users\/1"}],"replies":[{"embeddable":true,"href":"https:\/\/richter-china.com\/de\/wp-json\/wp\/v2\/comments?post=14"}],"version-history":[{"count":41,"href":"https:\/\/richter-china.com\/de\/wp-json\/wp\/v2\/pages\/14\/revisions"}],"predecessor-version":[{"id":893,"href":"https:\/\/richter-china.com\/de\/wp-json\/wp\/v2\/pages\/14\/revisions\/893"}],"wp:featuredmedia":[{"embeddable":true,"href":"https:\/\/richter-china.com\/de\/wp-json\/wp\/v2\/media\/190"}],"wp:attachment":[{"href":"https:\/\/richter-china.com\/de\/wp-json\/wp\/v2\/media?parent=14"}],"curies":[{"name":"wp","href":"https:\/\/api.w.org\/{rel}","templated":true}]}}