{"id":13,"date":"2019-01-19T14:05:55","date_gmt":"2019-01-19T14:05:55","guid":{"rendered":"http:\/\/richter-china.com\/?page_id=13"},"modified":"2024-04-23T09:33:04","modified_gmt":"2024-04-23T09:33:04","slug":"gdt","status":"publish","type":"page","link":"https:\/\/richter-china.com\/de\/gdt\/","title":{"rendered":"Technische Zeichnungen"},"content":{"rendered":"\n<p>Technisches Zeichnungswesen gilt als eine Sprache f\u00fcr sich. So kommt es schon mit deutschen Zulieferern nicht selten zu Missverst\u00e4ndnissen. Umso gr\u00f6sser die Herausforderung, dem Lieferanten in Ostasien die Gesamtheit der Spezifikationen pr\u00e4sise zu vermitteln. So werden die Vorteile von preisg\u00fcnstiger Fertigung, Verf\u00fcgbarkeit und Erfahrung  chinesischer Auftragnehmer durch die Fehlinterpretation technischer Dokumentation oft erheblich geschm\u00e4lert.<\/p>\n\n\n\n<p>Wir verstehen uns als Vermittler, der Ihre Herstellungsabsicht dem  chinesischen Lieferanten zutr\u00e4gt &#8211; \u00fcber Entfernung, Sprachbarriere,  unterschiedliche technische Auffassung und kulturelle Unterschiede  hinweg.<\/p>\n\n\n\n<p>Nutzen Sie die technische Dokumentationsdienstleistung als  eigenst\u00e4ndige L\u00f6sung bzw. Vermeidung konkreter Kommunikationsprobleme  oder in Kombination mit unserem <a href=\"http:\/\/richter-china.com\/dfm\/\">DfM<\/a>-Angebot als umfassende  Fertigungsoptimierung.  <\/p>\n","protected":false},"excerpt":{"rendered":"Technisches Zeichnungswesen gilt als eine Sprache f\u00fcr sich. So kommt es schon mit deutschen Zulieferern nicht selten zu Missverst\u00e4ndnissen. Umso gr\u00f6sser die Herausforderung, dem Lieferanten in Ostasien die Gesamtheit der Spezifikationen pr\u00e4sise zu vermitteln. So werden die Vorteile von preisg\u00fcnstiger Fertigung, Verf\u00fcgbarkeit und Erfahrung chinesischer Auftragnehmer durch die Fehlinterpretation technischer Dokumentation oft erheblich geschm\u00e4lert. Wir [&hellip;]","protected":false},"author":1,"featured_media":159,"parent":0,"menu_order":2,"comment_status":"closed","ping_status":"closed","template":"","meta":{"_acf_changed":false,"footnotes":""},"class_list":["post-13","page","type-page","status-publish","has-post-thumbnail","hentry","entry"],"translation":{"provider":"WPGlobus","version":"3.0.2","language":"de","enabled_languages":["en","de","zh"],"languages":{"en":{"title":true,"content":true,"excerpt":false},"de":{"title":true,"content":true,"excerpt":false},"zh":{"title":true,"content":true,"excerpt":false}}},"acf":[],"aioseo_notices":[],"_links":{"self":[{"href":"https:\/\/richter-china.com\/de\/wp-json\/wp\/v2\/pages\/13","targetHints":{"allow":["GET"]}}],"collection":[{"href":"https:\/\/richter-china.com\/de\/wp-json\/wp\/v2\/pages"}],"about":[{"href":"https:\/\/richter-china.com\/de\/wp-json\/wp\/v2\/types\/page"}],"author":[{"embeddable":true,"href":"https:\/\/richter-china.com\/de\/wp-json\/wp\/v2\/users\/1"}],"replies":[{"embeddable":true,"href":"https:\/\/richter-china.com\/de\/wp-json\/wp\/v2\/comments?post=13"}],"version-history":[{"count":43,"href":"https:\/\/richter-china.com\/de\/wp-json\/wp\/v2\/pages\/13\/revisions"}],"predecessor-version":[{"id":887,"href":"https:\/\/richter-china.com\/de\/wp-json\/wp\/v2\/pages\/13\/revisions\/887"}],"wp:featuredmedia":[{"embeddable":true,"href":"https:\/\/richter-china.com\/de\/wp-json\/wp\/v2\/media\/159"}],"wp:attachment":[{"href":"https:\/\/richter-china.com\/de\/wp-json\/wp\/v2\/media?parent=13"}],"curies":[{"name":"wp","href":"https:\/\/api.w.org\/{rel}","templated":true}]}}